{"id":321,"date":"2023-01-19T07:46:11","date_gmt":"2023-01-19T07:46:11","guid":{"rendered":"https:\/\/business.innovagoods.com\/cookies\/"},"modified":"2023-01-20T10:33:48","modified_gmt":"2023-01-20T10:33:48","slug":"cookies","status":"publish","type":"page","link":"https:\/\/business.innovagoods.com\/fr\/cookies\/","title":{"rendered":"Cookies"},"content":{"rendered":"\n<p>Notre site web utilise des cookies afin d\u2019am\u00e9liorer la navigation et d\u2019obtenir les donn\u00e9es statistiques sur les visites re\u00e7ues.<\/p>\n\n\n\n<h4 class=\"wp-block-heading\"><strong>QUE SONT LES COOKIES ?<\/strong><\/h4>\n\n\n\n<p>Les cookies sont de petites archives de texte qui s\u2019installent dans l\u2019appareil au moment o\u00f9 celui-ci visite notre site web et qui nous fournissent des informations automatiquement. Les cookies ne peuvent en aucun cas \u00eatre consid\u00e9r\u00e9s comme un virus informatique. Ils n\u2019endommagent pas l\u2019ordinateur ni ne ralentissent son fonctionnement en aucune fa\u00e7on. Vous pouvez supprimer nos cookies \u00e0 tout moment, ou les rejeter en configurant votre navigateur.<\/p>\n\n\n\n<p>Les cookies sont associ\u00e9s uniquement au navigateur d\u2019un ordinateur sp\u00e9cifique (un utilisateur anonyme), et ne fournissent pas le pr\u00e9nom et le nom de l\u2019utilisateur. Gr\u00e2ce aux cookies, il est possible de reconna\u00eetre les navigateurs des utilisateurs enregistr\u00e9s apr\u00e8s qu\u2019ils se soient identifi\u00e9s pour la premi\u00e8re fois, sans avoir besoin de s\u2019identifier \u00e0 chaque visite pour acc\u00e9der aux espaces et aux services leur \u00e9tant exclusivement r\u00e9serv\u00e9s. Nos \u201ccookies\u201d servent \u00e0 identifier une session d\u2019utilisateurs (\u201ccookies de session\u201d) et \/ ou un ordinateur (\u201ccookies temporaires\u201d), et ne fournissent eux-m\u00eames ni le nom de l\u2019utilisateur ni aucune autre donn\u00e9e personnelle. Les cookies utilis\u00e9s ne peuvent pas lire les archives cookie cr\u00e9es par d\u2019autres fournisseurs. L\u2019utilisateur a la possibilit\u00e9 de configurer son navigateur pour recevoir des notifications sur l\u2019\u00e9cran de la r\u00e9ception des cookies et pour emp\u00eacher l\u2019installation des cookies dans son disque dur. Veuillez consulter les instructions et les manuels de votre navigateur pour compl\u00e9ter ces informations.<br>Deux types de cookies diff\u00e9rents sont utilis\u00e9s sur notre site web :<\/p>\n\n\n\n<p>Cookies d\u2019analyse web des tiers :<br>\u2013 Install\u00e9s dans votre ordinateur par le service GOOGLE ANALYTICS (Google Inc.). Ce sont des cookies statistiques, avec lesquels nous pouvons obtenir des donn\u00e9es utiles pour am\u00e9liorer notre site web.<br>Vous pouvez configurer votre navigateur pour ne pas recevoir ces cookies et ils seront rejet\u00e9s. Dans le cas contraire, nous comprenons que nous avons votre consentement pour leur installation.<\/p>\n\n\n\n<p>Cookies internes, g\u00e9n\u00e9r\u00e9s par notre site web, pour diff\u00e9rentes fonctions :<br>Cookies d\u2019authentification\/session : Utilis\u00e9s pour reconna\u00eetre les utilisateurs enregistr\u00e9s qui se sont connect\u00e9s sur notre site web. Avec ces cookies, vous pouvez acc\u00e9der aux sections d\u2019acc\u00e8s limit\u00e9 du site. Dans le cas o\u00f9 ces cookies sont refus\u00e9s ou effac\u00e9s, les cl\u00e9s d\u2019acc\u00e8s \u00e0 notre site web ne fonctionneront pas correctement.<br>Cookies de personnalisation de l\u2019interface : Utilis\u00e9s pour faciliter la navigation de notre site web. Ceux-ci permettent de se souvenir de certains aspects graphiques de notre site automatiquement. Dans le cas o\u00f9 ces cookies sont refus\u00e9s ou effac\u00e9s, la navigation sur notre site web ne fonctionnera pas aussi facilement.<br>Si vous avez des doutes sur notre politique d\u2019utilisation des cookies, vous pouvez nous contacter \u00e0 l\u2019adresse mail suivante : info@innovagoods.com<\/p>\n\n\n\n<h4 class=\"wp-block-heading\"><strong>COMMENT SUPPRIMER LES COOKIES<\/strong><\/h4>\n\n\n\n<p>\u00c0 partir de votre navigateur, vous pouvez supprimer les cookies install\u00e9s sur votre ordinateur. Les cookies sont install\u00e9s pour chaque navigateur et vous devez donc les supprimer du navigateur utilis\u00e9 pour acc\u00e9der \u00e0 notre page web.<br>Vous pouvez trouver des informations sur la fa\u00e7on de proc\u00e9der dans les navigateurs principaux ici :<\/p>\n\n\n\n<p><a href=\"https:\/\/support.google.com\/chrome\/answer\/95647?hl=es\" target=\"_blank\" rel=\"noreferrer noopener\">SUPPRIMER LES COOKIES DANS CHROME<\/a><br><a href=\"https:\/\/support.mozilla.org\/es\/kb\/Borrar%20cookies\" target=\"_blank\" rel=\"noreferrer noopener\">SUPPRIMER LES COOKIES DANS FIREFOX<\/a><br><a href=\"http:\/\/windows.microsoft.com\/es-xl\/internet-explorer\/delete-manage-cookies#ie=ie-10\">SUPPRIMER LES COOKIES DANS INTERNET EXPLORER<\/a><br><a href=\"http:\/\/support.apple.com\/kb\/HT1677?viewlocale=es_ES&amp;locale=es_ES\" target=\"_blank\" rel=\"noreferrer noopener\">SUPPRIMER LES COOKIES DANS SAFARI<\/a><br><a href=\"http:\/\/help.opera.com\/Windows\/11.50\/es-ES\/cookies.html\" target=\"_blank\" rel=\"noreferrer noopener\">SUPPRIMER LES COOKIES DANS OPERA<\/a><\/p>\n\n\n\n<p>Pour plus des informations sur l\u2019utilisation des cookies, vous pouvez consulter la documentation suivante :<br><a href=\"http:\/\/www.agpd.es\/portalwebAGPD\/canaldocumentacion\/publicaciones\/common\/Guias\/Guia_Cookies.pdf\" target=\"_blank\" rel=\"noreferrer noopener\">GUIDE SUR L\u2019UTILISATION DES COOKIES DE L\u2019AGENCE ESPAGNOLE DE LA PROTECTION DES DONNEES.<\/a><\/p>\n","protected":false},"excerpt":{"rendered":"<p>Notre site web utilise des cookies afin d\u2019am\u00e9liorer la navigation et d\u2019obtenir les donn\u00e9es statistiques sur les visites re\u00e7ues. QUE SONT LES COOKIES ? Les cookies sont de petites archives de texte qui s\u2019installent dans l\u2019appareil au moment o\u00f9 celui-ci visite notre site web et qui nous fournissent des informations automatiquement. Les cookies ne peuvent [&hellip;]<\/p>\n","protected":false},"author":8,"featured_media":0,"parent":0,"menu_order":99,"comment_status":"closed","ping_status":"closed","template":"","meta":{"footnotes":""},"yoast_head":"<!-- This site is optimized with the Yoast SEO plugin v21.9 - https:\/\/yoast.com\/wordpress\/plugins\/seo\/ -->\n<title>Cookies - InnovaGoods \u00ae<\/title>\n<meta name=\"robots\" content=\"index, follow, max-snippet:-1, max-image-preview:large, max-video-preview:-1\" \/>\n<link rel=\"canonical\" href=\"https:\/\/business.innovagoods.com\/fr\/cookies\/\" \/>\n<meta property=\"og:locale\" content=\"fr_FR\" \/>\n<meta property=\"og:type\" content=\"article\" \/>\n<meta property=\"og:title\" content=\"Cookies - InnovaGoods \u00ae\" \/>\n<meta property=\"og:description\" content=\"Notre site web utilise des cookies afin d\u2019am\u00e9liorer la navigation et d\u2019obtenir les donn\u00e9es statistiques sur les visites re\u00e7ues. QUE SONT LES COOKIES ? Les cookies sont de petites archives de texte qui s\u2019installent dans l\u2019appareil au moment o\u00f9 celui-ci visite notre site web et qui nous fournissent des informations automatiquement. Les cookies ne peuvent [&hellip;]\" \/>\n<meta property=\"og:url\" content=\"https:\/\/business.innovagoods.com\/fr\/cookies\/\" \/>\n<meta property=\"og:site_name\" content=\"InnovaGoods \u00ae\" \/>\n<meta property=\"article:publisher\" content=\"https:\/\/www.facebook.com\/InnovaGoods.Official\" \/>\n<meta property=\"article:modified_time\" content=\"2023-01-20T10:33:48+00:00\" \/>\n<meta name=\"twitter:card\" content=\"summary_large_image\" \/>\n<meta name=\"twitter:site\" content=\"@Innovaofficial\" \/>\n<meta name=\"twitter:label1\" content=\"Est. reading time\" \/>\n\t<meta name=\"twitter:data1\" content=\"3 minutes\" \/>\n<script type=\"application\/ld+json\" class=\"yoast-schema-graph\">{\"@context\":\"https:\/\/schema.org\",\"@graph\":[{\"@type\":\"WebPage\",\"@id\":\"https:\/\/business.innovagoods.com\/fr\/cookies\/\",\"url\":\"https:\/\/business.innovagoods.com\/fr\/cookies\/\",\"name\":\"Cookies - InnovaGoods \u00ae\",\"isPartOf\":{\"@id\":\"https:\/\/business.innovagoods.com\/fr\/#website\"},\"datePublished\":\"2023-01-19T07:46:11+00:00\",\"dateModified\":\"2023-01-20T10:33:48+00:00\",\"breadcrumb\":{\"@id\":\"https:\/\/business.innovagoods.com\/fr\/cookies\/#breadcrumb\"},\"inLanguage\":\"fr-FR\",\"potentialAction\":[{\"@type\":\"ReadAction\",\"target\":[\"https:\/\/business.innovagoods.com\/fr\/cookies\/\"]}]},{\"@type\":\"BreadcrumbList\",\"@id\":\"https:\/\/business.innovagoods.com\/fr\/cookies\/#breadcrumb\",\"itemListElement\":[{\"@type\":\"ListItem\",\"position\":1,\"name\":\"Home\",\"item\":\"https:\/\/business.innovagoods.com\/fr\/\"},{\"@type\":\"ListItem\",\"position\":2,\"name\":\"Cookies\"}]},{\"@type\":\"WebSite\",\"@id\":\"https:\/\/business.innovagoods.com\/fr\/#website\",\"url\":\"https:\/\/business.innovagoods.com\/fr\/\",\"name\":\"InnovaGoods \u00ae\",\"description\":\"Marca l\u00edder en Europa en productos innovadores y de tendencia\",\"publisher\":{\"@id\":\"https:\/\/business.innovagoods.com\/fr\/#organization\"},\"potentialAction\":[{\"@type\":\"SearchAction\",\"target\":{\"@type\":\"EntryPoint\",\"urlTemplate\":\"https:\/\/business.innovagoods.com\/fr\/?s={search_term_string}\"},\"query-input\":\"required name=search_term_string\"}],\"inLanguage\":\"fr-FR\"},{\"@type\":\"Organization\",\"@id\":\"https:\/\/business.innovagoods.com\/fr\/#organization\",\"name\":\"InnovaGoods \u00ae\",\"url\":\"https:\/\/business.innovagoods.com\/fr\/\",\"logo\":{\"@type\":\"ImageObject\",\"inLanguage\":\"fr-FR\",\"@id\":\"https:\/\/business.innovagoods.com\/fr\/#\/schema\/logo\/image\/\",\"url\":\"https:\/\/business.innovagoods.com\/wp-content\/uploads\/2023\/02\/logo-innovagoods.svg\",\"contentUrl\":\"https:\/\/business.innovagoods.com\/wp-content\/uploads\/2023\/02\/logo-innovagoods.svg\",\"width\":250,\"height\":30,\"caption\":\"InnovaGoods \u00ae\"},\"image\":{\"@id\":\"https:\/\/business.innovagoods.com\/fr\/#\/schema\/logo\/image\/\"},\"sameAs\":[\"https:\/\/www.facebook.com\/InnovaGoods.Official\",\"https:\/\/twitter.com\/Innovaofficial\",\"https:\/\/www.instagram.com\/innovagoods_official\/\"]}]}<\/script>\n<!-- \/ Yoast SEO plugin. -->","yoast_head_json":{"title":"Cookies - InnovaGoods \u00ae","robots":{"index":"index","follow":"follow","max-snippet":"max-snippet:-1","max-image-preview":"max-image-preview:large","max-video-preview":"max-video-preview:-1"},"canonical":"https:\/\/business.innovagoods.com\/fr\/cookies\/","og_locale":"fr_FR","og_type":"article","og_title":"Cookies - InnovaGoods \u00ae","og_description":"Notre site web utilise des cookies afin d\u2019am\u00e9liorer la navigation et d\u2019obtenir les donn\u00e9es statistiques sur les visites re\u00e7ues. QUE SONT LES COOKIES ? Les cookies sont de petites archives de texte qui s\u2019installent dans l\u2019appareil au moment o\u00f9 celui-ci visite notre site web et qui nous fournissent des informations automatiquement. Les cookies ne peuvent [&hellip;]","og_url":"https:\/\/business.innovagoods.com\/fr\/cookies\/","og_site_name":"InnovaGoods \u00ae","article_publisher":"https:\/\/www.facebook.com\/InnovaGoods.Official","article_modified_time":"2023-01-20T10:33:48+00:00","twitter_card":"summary_large_image","twitter_site":"@Innovaofficial","twitter_misc":{"Est. reading time":"3 minutes"},"schema":{"@context":"https:\/\/schema.org","@graph":[{"@type":"WebPage","@id":"https:\/\/business.innovagoods.com\/fr\/cookies\/","url":"https:\/\/business.innovagoods.com\/fr\/cookies\/","name":"Cookies - InnovaGoods \u00ae","isPartOf":{"@id":"https:\/\/business.innovagoods.com\/fr\/#website"},"datePublished":"2023-01-19T07:46:11+00:00","dateModified":"2023-01-20T10:33:48+00:00","breadcrumb":{"@id":"https:\/\/business.innovagoods.com\/fr\/cookies\/#breadcrumb"},"inLanguage":"fr-FR","potentialAction":[{"@type":"ReadAction","target":["https:\/\/business.innovagoods.com\/fr\/cookies\/"]}]},{"@type":"BreadcrumbList","@id":"https:\/\/business.innovagoods.com\/fr\/cookies\/#breadcrumb","itemListElement":[{"@type":"ListItem","position":1,"name":"Home","item":"https:\/\/business.innovagoods.com\/fr\/"},{"@type":"ListItem","position":2,"name":"Cookies"}]},{"@type":"WebSite","@id":"https:\/\/business.innovagoods.com\/fr\/#website","url":"https:\/\/business.innovagoods.com\/fr\/","name":"InnovaGoods \u00ae","description":"Marca l\u00edder en Europa en productos innovadores y de tendencia","publisher":{"@id":"https:\/\/business.innovagoods.com\/fr\/#organization"},"potentialAction":[{"@type":"SearchAction","target":{"@type":"EntryPoint","urlTemplate":"https:\/\/business.innovagoods.com\/fr\/?s={search_term_string}"},"query-input":"required name=search_term_string"}],"inLanguage":"fr-FR"},{"@type":"Organization","@id":"https:\/\/business.innovagoods.com\/fr\/#organization","name":"InnovaGoods \u00ae","url":"https:\/\/business.innovagoods.com\/fr\/","logo":{"@type":"ImageObject","inLanguage":"fr-FR","@id":"https:\/\/business.innovagoods.com\/fr\/#\/schema\/logo\/image\/","url":"https:\/\/business.innovagoods.com\/wp-content\/uploads\/2023\/02\/logo-innovagoods.svg","contentUrl":"https:\/\/business.innovagoods.com\/wp-content\/uploads\/2023\/02\/logo-innovagoods.svg","width":250,"height":30,"caption":"InnovaGoods \u00ae"},"image":{"@id":"https:\/\/business.innovagoods.com\/fr\/#\/schema\/logo\/image\/"},"sameAs":["https:\/\/www.facebook.com\/InnovaGoods.Official","https:\/\/twitter.com\/Innovaofficial","https:\/\/www.instagram.com\/innovagoods_official\/"]}]}},"acf":[],"_links":{"self":[{"href":"https:\/\/business.innovagoods.com\/fr\/wp-json\/wp\/v2\/pages\/321"}],"collection":[{"href":"https:\/\/business.innovagoods.com\/fr\/wp-json\/wp\/v2\/pages"}],"about":[{"href":"https:\/\/business.innovagoods.com\/fr\/wp-json\/wp\/v2\/types\/page"}],"author":[{"embeddable":true,"href":"https:\/\/business.innovagoods.com\/fr\/wp-json\/wp\/v2\/users\/8"}],"replies":[{"embeddable":true,"href":"https:\/\/business.innovagoods.com\/fr\/wp-json\/wp\/v2\/comments?post=321"}],"version-history":[{"count":1,"href":"https:\/\/business.innovagoods.com\/fr\/wp-json\/wp\/v2\/pages\/321\/revisions"}],"predecessor-version":[{"id":322,"href":"https:\/\/business.innovagoods.com\/fr\/wp-json\/wp\/v2\/pages\/321\/revisions\/322"}],"wp:attachment":[{"href":"https:\/\/business.innovagoods.com\/fr\/wp-json\/wp\/v2\/media?parent=321"}],"curies":[{"name":"wp","href":"https:\/\/api.w.org\/{rel}","templated":true}]}}