{"id":285,"date":"2023-01-19T14:05:21","date_gmt":"2023-01-19T14:05:21","guid":{"rendered":"https:\/\/business.innovagoods.com\/aviso-legal\/"},"modified":"2023-01-20T10:49:18","modified_gmt":"2023-01-20T10:49:18","slug":"aviso-legal","status":"publish","type":"page","link":"https:\/\/business.innovagoods.com\/fr\/aviso-legal\/","title":{"rendered":"Mention l\u00e9gale"},"content":{"rendered":"\n<p>La pr\u00e9sente mention l\u00e9gale r\u00e9glemente l\u2019acc\u00e8s, la navigation et l\u2019utilisation du site web https:\/\/business.innovagoods.com (ci-apr\u00e8s le Site Web).<br>Les conditions \u00e9tablies dans cette Mention L\u00e9gale s\u2019appliquent dans les cas o\u00f9 l\u2019entreprise \u00e9tablirait des conditions particuli\u00e8res pour l\u2019utilisation et\/ou l\u2019achat de services sp\u00e9cifiques.<br>DROIT A L\u2019INFORMATION<br>Conform\u00e9ment au devoir d\u2019information contenu \u00e0 l\u2019article 10 de la loi 34\/2002 du 11 juillet sur les services de la soci\u00e9t\u00e9 de l\u2019information et du commerce \u00e9lectronique, nous vous informons que le site Web est la propri\u00e9t\u00e9 de la soci\u00e9t\u00e9 InnovaGoods (Nine New Investments S.L.), une soci\u00e9t\u00e9 commerciale constitu\u00e9e conform\u00e9ment \u00e0 la l\u00e9gislation espagnole, avec CIF B98019235 et si\u00e8ge social \u00e0 C \/ Enguera 7, 46018 Valence.<br>Vous pouvez nous contacter \u00e0 l\u2019adresse mail suivante : info@innovagoods.com<br>UTILISATEURS<br>L\u2019acc\u00e8s et\/ou l\u2019utilisation du Site Web donne le statut d\u2019utilisateur, \u00e0 qui accepte, depuis cet acc\u00e8s et\/ou utilisation, la pr\u00e9sente Mention L\u00e9gale.<br><strong>UTILISATION DU SITE WEB<\/strong><br>Le Site Web peut donner acc\u00e8s \u00e0 de nombreux textes, grafiques, croquis, dessins, codes, logiciel, photos, musique, vid\u00e9os, sons, bases de donn\u00e9es, images, expressions et informations (ci-apr\u00e8s, \u201cContenus\u201d) appartenants \u00e0 l\u2019entreprise ou aux tiers et auxquels l\u2019utilisateur peut avoir acc\u00e8s.<br>L\u2019utilisateur assume la responsabilit\u00e9 de l\u2019utilisation du site. Cette responsabilit\u00e9 s\u2019\u00e9tend \u00e0 l\u2019\u00e9ventuel enregistrement n\u00e9cessaire pour acc\u00e9der au contenu ou aux services du site web.<br>L\u2019utilisateur s\u2019engage \u00e0 faire bon usage du contenu et des services offerts par le site web et \u00e0 titre \u00e9nonciatif mais non limitatif, \u00e0 ne pas les utiliser pour (i) commettre des activit\u00e9s illicites, ill\u00e9gales, ou contraires \u00e0 la bonne foi et \u00e0 l\u2019ordre public ; (ii) provoquer des effets n\u00e9fastes dans les syst\u00e8mes physiques et logiques du titulaire du site web, de ses fournisseurs ou des tiers, (iii) introduire ou propager sur le site des virus informatiques ou tout autre syst\u00e8me physique ou logique susceptible de causer les dommages susmentionn\u00e9s.<br><strong>PROPRIETE INTELLECTUELLE<\/strong><br>Le contenu de ce site web, y compris, entre autres, les images, les logos, les graphiques, les animations et les textes, quel que soit le format, ainsi que le nom de domaine business.innovagoods.com sont la propri\u00e9t\u00e9 du titulaire. Dans le cas des marques mises en vente dans la boutique en ligne, le titulaire a obtenu l\u2019autorisation de ses propri\u00e9taires l\u00e9gitimes pour son utilisation. Ce contenu est prot\u00e9g\u00e9 par les lois et les trait\u00e9s internationales en mati\u00e8re de propri\u00e9t\u00e9 intellectuelle et industrielle, ainsi que par les directives de r\u00e9glementation des noms de domaine.<br>L\u2019utilisation des liens vers ce site est autoris\u00e9e \u00e0 condition que cela ne repr\u00e9sente pas un pr\u00e9judice pour l\u2019image et les int\u00e9r\u00eats du titulaire ainsi que sur tous les formats ou supports.<br><strong>RESPONSABILITE ET GARANTIES<\/strong><br>Les liens qui apparaissent sur ce site web sont fournis dans le but de compl\u00e9ter les informations. Son inclusion n\u2019implique pas l\u2019acceptation de leur contenu, ni l\u2019association du titulaire avec les responsables de ces sites web, pour lesquelles il rejette toute responsabilit\u00e9 par rapport \u00e0 ceux-ci, ainsi que pour les effets n\u00e9fastes qui pourraient \u00eatre caus\u00e9s pour toute raison dans votre syst\u00e8me informatique, vos documents ou vos fichiers.<br>Le titulaire ne garantit pas la fiabilit\u00e9, la disponibilit\u00e9 ou la continuit\u00e9 de ce site web ni de son contenu pour des raisons techniques, de s\u00e9curit\u00e9, de contr\u00f4le ou de maintien du service, pour des d\u00e9faillances dues au serveur qui h\u00e9bergent le contenu ou d\u2019autres interm\u00e9diaires ou fournisseurs, pour des attaques contre le syst\u00e8me informatique, ni pour toute autre raison due \u00e0 des causes ind\u00e9pendantes de sa volont\u00e9, et par cons\u00e9quent il se d\u00e9gage de toute responsabilit\u00e9, directe ou indirecte, pour ceux-ci.<br><strong>DUREE ET MODIFICATION<\/strong><br>Les conditions de la pr\u00e9sente mention l\u00e9gale resteront en vigueur jusqu\u2019\u00e0 leur \u00e9ventuelle modification, permettant \u00e0 INNOVAGOODS d\u2019effectuer ces changements qui seront communiqu\u00e9es \u00e0 l\u2019utilisateur.<br>INNOVAGOODS peut supprimer, ajouter ou changer le contenu et les services fournis par le site, ainsi que le format dans lequel ils sont localis\u00e9s ou pr\u00e9sent\u00e9s. Les conditions publi\u00e9es sont comprises comme valides au moment o\u00f9 l\u2019utilisateur acc\u00e8de au site web de INNOVAGOODS.<br>L\u2019acc\u00e8s et\/ou l\u2019utilisation du site web implique que l\u2019utilisateur accepte les conditions de la pr\u00e9sente mention l\u00e9gale et, dans ce cas, les changements apport\u00e9s \u00e0 celles-ci.<br><strong>COOKIES<\/strong><br>L\u2019emploi des cookies est n\u00e9cessaire pour l\u2019utilisation de notre site web. Si vous le souhaitez, vous pouvez configurer votre navigateur pour recevoir des notifications sur l\u2019\u00e9cran de la r\u00e9ception des cookies et pour emp\u00eacher l\u2019installation des cookies dans votre disque dur. Veuillez consulter les instructions et les manuels de votre navigateur pour compl\u00e9ter ces informations.<br><a href=\"https:\/\/business.innovagoods.com\/fr\/cookies\/\">PLUS D\u2019INFORMATION SUR L\u2019UTILISATION DES COOKIES<\/a><\/p>\n","protected":false},"excerpt":{"rendered":"<p>La pr\u00e9sente mention l\u00e9gale r\u00e9glemente l\u2019acc\u00e8s, la navigation et l\u2019utilisation du site web https:\/\/business.innovagoods.com (ci-apr\u00e8s le Site Web).Les conditions \u00e9tablies dans cette Mention L\u00e9gale s\u2019appliquent dans les cas o\u00f9 l\u2019entreprise \u00e9tablirait des conditions particuli\u00e8res pour l\u2019utilisation et\/ou l\u2019achat de services sp\u00e9cifiques.DROIT A L\u2019INFORMATIONConform\u00e9ment au devoir d\u2019information contenu \u00e0 l\u2019article 10 de la loi 34\/2002 du [&hellip;]<\/p>\n","protected":false},"author":8,"featured_media":0,"parent":0,"menu_order":99,"comment_status":"closed","ping_status":"closed","template":"","meta":{"footnotes":""},"yoast_head":"<!-- This site is optimized with the Yoast SEO plugin v21.9 - https:\/\/yoast.com\/wordpress\/plugins\/seo\/ -->\n<title>Mention l\u00e9gale - InnovaGoods \u00ae<\/title>\n<meta name=\"robots\" content=\"index, follow, max-snippet:-1, max-image-preview:large, max-video-preview:-1\" \/>\n<link rel=\"canonical\" href=\"https:\/\/business.innovagoods.com\/fr\/aviso-legal\/\" \/>\n<meta property=\"og:locale\" content=\"fr_FR\" \/>\n<meta property=\"og:type\" content=\"article\" \/>\n<meta property=\"og:title\" content=\"Mention l\u00e9gale - InnovaGoods \u00ae\" \/>\n<meta property=\"og:description\" content=\"La pr\u00e9sente mention l\u00e9gale r\u00e9glemente l\u2019acc\u00e8s, la navigation et l\u2019utilisation du site web https:\/\/business.innovagoods.com (ci-apr\u00e8s le Site Web).Les conditions \u00e9tablies dans cette Mention L\u00e9gale s\u2019appliquent dans les cas o\u00f9 l\u2019entreprise \u00e9tablirait des conditions particuli\u00e8res pour l\u2019utilisation et\/ou l\u2019achat de services sp\u00e9cifiques.DROIT A L\u2019INFORMATIONConform\u00e9ment au devoir d\u2019information contenu \u00e0 l\u2019article 10 de la loi 34\/2002 du [&hellip;]\" \/>\n<meta property=\"og:url\" content=\"https:\/\/business.innovagoods.com\/fr\/aviso-legal\/\" \/>\n<meta property=\"og:site_name\" content=\"InnovaGoods \u00ae\" \/>\n<meta property=\"article:publisher\" content=\"https:\/\/www.facebook.com\/InnovaGoods.Official\" \/>\n<meta property=\"article:modified_time\" content=\"2023-01-20T10:49:18+00:00\" \/>\n<meta name=\"twitter:card\" content=\"summary_large_image\" \/>\n<meta name=\"twitter:site\" content=\"@Innovaofficial\" \/>\n<meta name=\"twitter:label1\" content=\"Est. reading time\" \/>\n\t<meta name=\"twitter:data1\" content=\"4 minutes\" \/>\n<script type=\"application\/ld+json\" class=\"yoast-schema-graph\">{\"@context\":\"https:\/\/schema.org\",\"@graph\":[{\"@type\":\"WebPage\",\"@id\":\"https:\/\/business.innovagoods.com\/fr\/aviso-legal\/\",\"url\":\"https:\/\/business.innovagoods.com\/fr\/aviso-legal\/\",\"name\":\"Mention l\u00e9gale - InnovaGoods \u00ae\",\"isPartOf\":{\"@id\":\"https:\/\/business.innovagoods.com\/fr\/#website\"},\"datePublished\":\"2023-01-19T14:05:21+00:00\",\"dateModified\":\"2023-01-20T10:49:18+00:00\",\"breadcrumb\":{\"@id\":\"https:\/\/business.innovagoods.com\/fr\/aviso-legal\/#breadcrumb\"},\"inLanguage\":\"fr-FR\",\"potentialAction\":[{\"@type\":\"ReadAction\",\"target\":[\"https:\/\/business.innovagoods.com\/fr\/aviso-legal\/\"]}]},{\"@type\":\"BreadcrumbList\",\"@id\":\"https:\/\/business.innovagoods.com\/fr\/aviso-legal\/#breadcrumb\",\"itemListElement\":[{\"@type\":\"ListItem\",\"position\":1,\"name\":\"Home\",\"item\":\"https:\/\/business.innovagoods.com\/fr\/\"},{\"@type\":\"ListItem\",\"position\":2,\"name\":\"Mention l\u00e9gale\"}]},{\"@type\":\"WebSite\",\"@id\":\"https:\/\/business.innovagoods.com\/fr\/#website\",\"url\":\"https:\/\/business.innovagoods.com\/fr\/\",\"name\":\"InnovaGoods \u00ae\",\"description\":\"Marca l\u00edder en Europa en productos innovadores y de tendencia\",\"publisher\":{\"@id\":\"https:\/\/business.innovagoods.com\/fr\/#organization\"},\"potentialAction\":[{\"@type\":\"SearchAction\",\"target\":{\"@type\":\"EntryPoint\",\"urlTemplate\":\"https:\/\/business.innovagoods.com\/fr\/?s={search_term_string}\"},\"query-input\":\"required name=search_term_string\"}],\"inLanguage\":\"fr-FR\"},{\"@type\":\"Organization\",\"@id\":\"https:\/\/business.innovagoods.com\/fr\/#organization\",\"name\":\"InnovaGoods \u00ae\",\"url\":\"https:\/\/business.innovagoods.com\/fr\/\",\"logo\":{\"@type\":\"ImageObject\",\"inLanguage\":\"fr-FR\",\"@id\":\"https:\/\/business.innovagoods.com\/fr\/#\/schema\/logo\/image\/\",\"url\":\"https:\/\/business.innovagoods.com\/wp-content\/uploads\/2023\/02\/logo-innovagoods.svg\",\"contentUrl\":\"https:\/\/business.innovagoods.com\/wp-content\/uploads\/2023\/02\/logo-innovagoods.svg\",\"width\":250,\"height\":30,\"caption\":\"InnovaGoods \u00ae\"},\"image\":{\"@id\":\"https:\/\/business.innovagoods.com\/fr\/#\/schema\/logo\/image\/\"},\"sameAs\":[\"https:\/\/www.facebook.com\/InnovaGoods.Official\",\"https:\/\/twitter.com\/Innovaofficial\",\"https:\/\/www.instagram.com\/innovagoods_official\/\"]}]}<\/script>\n<!-- \/ Yoast SEO plugin. -->","yoast_head_json":{"title":"Mention l\u00e9gale - InnovaGoods \u00ae","robots":{"index":"index","follow":"follow","max-snippet":"max-snippet:-1","max-image-preview":"max-image-preview:large","max-video-preview":"max-video-preview:-1"},"canonical":"https:\/\/business.innovagoods.com\/fr\/aviso-legal\/","og_locale":"fr_FR","og_type":"article","og_title":"Mention l\u00e9gale - InnovaGoods \u00ae","og_description":"La pr\u00e9sente mention l\u00e9gale r\u00e9glemente l\u2019acc\u00e8s, la navigation et l\u2019utilisation du site web https:\/\/business.innovagoods.com (ci-apr\u00e8s le Site Web).Les conditions \u00e9tablies dans cette Mention L\u00e9gale s\u2019appliquent dans les cas o\u00f9 l\u2019entreprise \u00e9tablirait des conditions particuli\u00e8res pour l\u2019utilisation et\/ou l\u2019achat de services sp\u00e9cifiques.DROIT A L\u2019INFORMATIONConform\u00e9ment au devoir d\u2019information contenu \u00e0 l\u2019article 10 de la loi 34\/2002 du [&hellip;]","og_url":"https:\/\/business.innovagoods.com\/fr\/aviso-legal\/","og_site_name":"InnovaGoods \u00ae","article_publisher":"https:\/\/www.facebook.com\/InnovaGoods.Official","article_modified_time":"2023-01-20T10:49:18+00:00","twitter_card":"summary_large_image","twitter_site":"@Innovaofficial","twitter_misc":{"Est. reading time":"4 minutes"},"schema":{"@context":"https:\/\/schema.org","@graph":[{"@type":"WebPage","@id":"https:\/\/business.innovagoods.com\/fr\/aviso-legal\/","url":"https:\/\/business.innovagoods.com\/fr\/aviso-legal\/","name":"Mention l\u00e9gale - InnovaGoods \u00ae","isPartOf":{"@id":"https:\/\/business.innovagoods.com\/fr\/#website"},"datePublished":"2023-01-19T14:05:21+00:00","dateModified":"2023-01-20T10:49:18+00:00","breadcrumb":{"@id":"https:\/\/business.innovagoods.com\/fr\/aviso-legal\/#breadcrumb"},"inLanguage":"fr-FR","potentialAction":[{"@type":"ReadAction","target":["https:\/\/business.innovagoods.com\/fr\/aviso-legal\/"]}]},{"@type":"BreadcrumbList","@id":"https:\/\/business.innovagoods.com\/fr\/aviso-legal\/#breadcrumb","itemListElement":[{"@type":"ListItem","position":1,"name":"Home","item":"https:\/\/business.innovagoods.com\/fr\/"},{"@type":"ListItem","position":2,"name":"Mention l\u00e9gale"}]},{"@type":"WebSite","@id":"https:\/\/business.innovagoods.com\/fr\/#website","url":"https:\/\/business.innovagoods.com\/fr\/","name":"InnovaGoods \u00ae","description":"Marca l\u00edder en Europa en productos innovadores y de tendencia","publisher":{"@id":"https:\/\/business.innovagoods.com\/fr\/#organization"},"potentialAction":[{"@type":"SearchAction","target":{"@type":"EntryPoint","urlTemplate":"https:\/\/business.innovagoods.com\/fr\/?s={search_term_string}"},"query-input":"required name=search_term_string"}],"inLanguage":"fr-FR"},{"@type":"Organization","@id":"https:\/\/business.innovagoods.com\/fr\/#organization","name":"InnovaGoods \u00ae","url":"https:\/\/business.innovagoods.com\/fr\/","logo":{"@type":"ImageObject","inLanguage":"fr-FR","@id":"https:\/\/business.innovagoods.com\/fr\/#\/schema\/logo\/image\/","url":"https:\/\/business.innovagoods.com\/wp-content\/uploads\/2023\/02\/logo-innovagoods.svg","contentUrl":"https:\/\/business.innovagoods.com\/wp-content\/uploads\/2023\/02\/logo-innovagoods.svg","width":250,"height":30,"caption":"InnovaGoods \u00ae"},"image":{"@id":"https:\/\/business.innovagoods.com\/fr\/#\/schema\/logo\/image\/"},"sameAs":["https:\/\/www.facebook.com\/InnovaGoods.Official","https:\/\/twitter.com\/Innovaofficial","https:\/\/www.instagram.com\/innovagoods_official\/"]}]}},"acf":[],"_links":{"self":[{"href":"https:\/\/business.innovagoods.com\/fr\/wp-json\/wp\/v2\/pages\/285"}],"collection":[{"href":"https:\/\/business.innovagoods.com\/fr\/wp-json\/wp\/v2\/pages"}],"about":[{"href":"https:\/\/business.innovagoods.com\/fr\/wp-json\/wp\/v2\/types\/page"}],"author":[{"embeddable":true,"href":"https:\/\/business.innovagoods.com\/fr\/wp-json\/wp\/v2\/users\/8"}],"replies":[{"embeddable":true,"href":"https:\/\/business.innovagoods.com\/fr\/wp-json\/wp\/v2\/comments?post=285"}],"version-history":[{"count":2,"href":"https:\/\/business.innovagoods.com\/fr\/wp-json\/wp\/v2\/pages\/285\/revisions"}],"predecessor-version":[{"id":325,"href":"https:\/\/business.innovagoods.com\/fr\/wp-json\/wp\/v2\/pages\/285\/revisions\/325"}],"wp:attachment":[{"href":"https:\/\/business.innovagoods.com\/fr\/wp-json\/wp\/v2\/media?parent=285"}],"curies":[{"name":"wp","href":"https:\/\/api.w.org\/{rel}","templated":true}]}}