{"id":3,"date":"2022-11-30T13:00:15","date_gmt":"2022-11-30T13:00:15","guid":{"rendered":"https:\/\/business.innovagoods.com\/?page_id=3"},"modified":"2023-01-20T08:20:40","modified_gmt":"2023-01-20T08:20:40","slug":"privacidad","status":"publish","type":"page","link":"https:\/\/business.innovagoods.com\/es\/privacidad\/","title":{"rendered":"Pol\u00edtica de privacidad"},"content":{"rendered":"\n<h4 class=\"wp-block-heading\">Informaci\u00f3n corporativa<\/h4>\n\n\n\n<p>A trav\u00e9s de esta Pol\u00edtica de Privacidad, regulamos la recogida y tratamiento de los datos de car\u00e1cter personales que nos facilites como consecuencia del acceso, navegaci\u00f3n, registro y uso del sitio web accesible a trav\u00e9s de la URL business.innovagoods.com (en adelante, el Sitio Web o InnovaGoods) En cumplimiento de la Ley 34\/2002, de 11 de julio, de servicios de la sociedad de la informaci\u00f3n y de comercio electr\u00f3nico y de acuerdo con la exigencia del art\u00edculo 10 de la mencionada Ley, el propietario del sitio web es NINE NEW INVESTMENTS S.L. con NIF\/CIF: B98019235. Registro Mercantil de Valencia. Tomo: 8858. Folio: 108. Hoja: 128015, y domicilio social: Calle Enguera, 7. C\u00f3digo Postal: 46018. Localidad: Valencia. Provincia: Valencia.<\/p>\n\n\n\n<h4 class=\"wp-block-heading\">Aceptaci\u00f3n y Consentimiento<\/h4>\n\n\n\n<p>En cumplimiento de lo establecido en el Reglamento General de Protecci\u00f3n de Datos-UE-2016\/679, aprobado por el Parlamento y Consejo de Europa de 27 de abril de 2016 le informamos de que la cumplimentaci\u00f3n de cualquier formulario existente en el sitio web, o la remisi\u00f3n de un correo electr\u00f3nico a cualquiera de nuestros buzones implica la aceptaci\u00f3n de esta pol\u00edtica de privacidad, as\u00ed como la autorizaci\u00f3n al administrador de la p\u00e1gina web para que trate los datos personales que nos facilite, que ser\u00e1n incorporados al fichero, titularidad del Responsable del Tratamiento y\/o administrador de la p\u00e1gina web.<\/p>\n\n\n\n<p>El Usuario declara haber sido informado de las condiciones sobre protecci\u00f3n de datos personales, aceptando y consintiendo el tratamiento automatizado de los mismos por parte de InnovaGoods, en la forma y para las finalidades indicadas en la presente Pol\u00edtica de Privacidad.<\/p>\n\n\n\n<h4 class=\"wp-block-heading\">Tratamiento de los datos<\/h4>\n\n\n\n<p>Todos aquellos datos a los que tengamos acceso ya sea a trav\u00e9s del formulario de contacto, el registro en el Sitio Web, o cuando facilites informaci\u00f3n para la adquisici\u00f3n de nuestros productos, quedar\u00e1n incorporados a un fichero titularidad de InnovaGoods para su tratamiento, automatizado o no, con la finalidad de poder atender a tus consultas, tramitar tu registro y, llegado el momento, gestionar tu compra y hacerte llegar el pedido.<br>Adem\u00e1s, aceptando la presente Pol\u00edtica de Privacidad nos das tu consentimiento para el env\u00edo de publicidad propia o de empresas del grupo acerca de novedades y productos relacionados con los ofrecidos en el Sitio Web, salvo que te hubieras opuesto expresamente a ello. No obstante, en cualquier momento puedes retirar dicho consentimiento escribi\u00e9ndonos a info@innovagoods.com<\/p>\n\n\n\n<p>Asimismo, y mediante la aceptaci\u00f3n de la presente Pol\u00edtica de Privacidad, el Usuario acepta los servicios de email retargeting mediante los cuales se podr\u00e1n llevar a cabo el env\u00edo de comunicaciones comerciales. El Usuario consiente que dichas comunicaciones comerciales contengan dispositivos de almacenamiento o cookies de publicidad que se instalar\u00e1n en su navegador.<\/p>\n\n\n\n<p>Los servicios de email retargeting tienen como finalidad proporcionar m\u00e1s informaci\u00f3n sobre productos o servicios que puedan interesar al Usuario mediante:<br>\u00b7 La instalaci\u00f3n de dispositivos de almacenamiento y recuperaci\u00f3n de datos o cookies en equipos terminales en algunos de los correos electr\u00f3nicos enviados a los usuarios.<br>\u00b7 Env\u00edo de correos electr\u00f3nicos con comunicaciones comerciales a los que se haya instalado las Cookies mediante la visita de una p\u00e1gina web o mediante la instalaci\u00f3n a trav\u00e9s de correo electr\u00f3nico. En todo caso, el usuario, mediante la aceptaci\u00f3n de la pol\u00edtica de protecci\u00f3n de datos y de privacidad del Sitio Web, salvo menci\u00f3n expresa en contrario por el usuario, acepta expresamente que InnovaGoods pueda utilizar las cookies. En cualquier caso, el usuario tiene la posibilidad de configurar su navegador para ser avisado de la recepci\u00f3n de cookies y para impedir su instalaci\u00f3n en su equipo. Por favor, consulte las instrucciones y manuales de su navegador para ampliar esta informaci\u00f3n. Puede obtener m\u00e1s informaci\u00f3n acerca del funcionamiento de las cookies en este enlace.<\/p>\n\n\n\n<p>El Usuario garantiza que los datos personales facilitados son veraces. El Usuario responder\u00e1, en cualquier caso, de la veracidad de los datos facilitados, reserv\u00e1ndose InnovaGoods el derecho a excluir de los servicios registrados a todo Usuario que haya facilitado datos falsos, sin perjuicio de las dem\u00e1s acciones que procedan en Derecho.<\/p>\n\n\n\n<p>Se recomienda tener la m\u00e1xima diligencia en materia de Protecci\u00f3n de Datos mediante la utilizaci\u00f3n de herramientas de seguridad, no pudi\u00e9ndose responsabilizar a InnovaGoods de sustracciones, modificaciones o p\u00e9rdidas de datos il\u00edcitas.<br>Podr\u00e1 dirigir sus comunicaciones y ejercitar los derechos de acceso, rectificaci\u00f3n, cancelaci\u00f3n y oposici\u00f3n en la direcci\u00f3n de email info@innovagoods.com Para ejercer dichos derechos es necesario que usted acredite su personalidad frente mediante el env\u00edo de una fotocopia de su Documento Nacional de Identidad o cualquier otro medio v\u00e1lido en Derecho.<\/p>\n\n\n\n<h4 class=\"wp-block-heading\">Medidas de seguridad<\/h4>\n\n\n\n<p>InnovaGoods mantiene los niveles de seguridad de protecci\u00f3n de datos personales conforme a la LOPD y al Real Decreto 1720\/2007, de 21 de diciembre, por el que se aprueba el Reglamento de desarrollo de la LOPD que contengan datos de car\u00e1cter personal y ha establecido todos los medios t\u00e9cnicos a su alcance para evitar la p\u00e9rdida, mal uso, alteraci\u00f3n, acceso no autorizado y robo de los datos que el Usuario facilite a trav\u00e9s del sitio Web, sin perjuicio de informarle de que las medidas de seguridad en Internet no son inexpugnables.<\/p>\n\n\n\n<p>InnovaGoods se compromete a cumplir con el deber de secreto y confidencialidad respecto de los datos personales contenidos en el fichero automatizado de acuerdo con la legislaci\u00f3n aplicable, as\u00ed como a conferirles un tratamiento seguro en las cesiones que, en su caso, puedan producirse.<\/p>\n","protected":false},"excerpt":{"rendered":"<p>Informaci\u00f3n corporativa A trav\u00e9s de esta Pol\u00edtica de Privacidad, regulamos la recogida y tratamiento de los datos de car\u00e1cter personales que nos facilites como consecuencia del acceso, navegaci\u00f3n, registro y uso del sitio web accesible a trav\u00e9s de la URL business.innovagoods.com (en adelante, el Sitio Web o InnovaGoods) En cumplimiento de la Ley 34\/2002, de [&hellip;]<\/p>\n","protected":false},"author":8,"featured_media":0,"parent":0,"menu_order":99,"comment_status":"closed","ping_status":"closed","template":"","meta":{"footnotes":""},"yoast_head":"<!-- This site is optimized with the Yoast SEO plugin v21.9 - https:\/\/yoast.com\/wordpress\/plugins\/seo\/ -->\n<title>Pol\u00edtica de privacidad - InnovaGoods \u00ae<\/title>\n<meta name=\"robots\" content=\"index, follow, max-snippet:-1, max-image-preview:large, max-video-preview:-1\" \/>\n<link rel=\"canonical\" href=\"https:\/\/business.innovagoods.com\/es\/privacidad\/\" \/>\n<meta property=\"og:locale\" content=\"es_ES\" \/>\n<meta property=\"og:type\" content=\"article\" \/>\n<meta property=\"og:title\" content=\"Pol\u00edtica de privacidad - InnovaGoods \u00ae\" \/>\n<meta property=\"og:description\" content=\"Informaci\u00f3n corporativa A trav\u00e9s de esta Pol\u00edtica de Privacidad, regulamos la recogida y tratamiento de los datos de car\u00e1cter personales que nos facilites como consecuencia del acceso, navegaci\u00f3n, registro y uso del sitio web accesible a trav\u00e9s de la URL business.innovagoods.com (en adelante, el Sitio Web o InnovaGoods) En cumplimiento de la Ley 34\/2002, de [&hellip;]\" \/>\n<meta property=\"og:url\" content=\"https:\/\/business.innovagoods.com\/es\/privacidad\/\" \/>\n<meta property=\"og:site_name\" content=\"InnovaGoods \u00ae\" \/>\n<meta property=\"article:publisher\" content=\"https:\/\/www.facebook.com\/InnovaGoods.Official\" \/>\n<meta property=\"article:modified_time\" content=\"2023-01-20T08:20:40+00:00\" \/>\n<meta name=\"twitter:card\" content=\"summary_large_image\" \/>\n<meta name=\"twitter:site\" content=\"@Innovaofficial\" \/>\n<meta name=\"twitter:label1\" content=\"Est. reading time\" \/>\n\t<meta name=\"twitter:data1\" content=\"5 minutos\" \/>\n<script type=\"application\/ld+json\" class=\"yoast-schema-graph\">{\"@context\":\"https:\/\/schema.org\",\"@graph\":[{\"@type\":\"WebPage\",\"@id\":\"https:\/\/business.innovagoods.com\/es\/privacidad\/\",\"url\":\"https:\/\/business.innovagoods.com\/es\/privacidad\/\",\"name\":\"Pol\u00edtica de privacidad - InnovaGoods \u00ae\",\"isPartOf\":{\"@id\":\"https:\/\/business.innovagoods.com\/es\/#website\"},\"datePublished\":\"2022-11-30T13:00:15+00:00\",\"dateModified\":\"2023-01-20T08:20:40+00:00\",\"breadcrumb\":{\"@id\":\"https:\/\/business.innovagoods.com\/es\/privacidad\/#breadcrumb\"},\"inLanguage\":\"es\",\"potentialAction\":[{\"@type\":\"ReadAction\",\"target\":[\"https:\/\/business.innovagoods.com\/es\/privacidad\/\"]}]},{\"@type\":\"BreadcrumbList\",\"@id\":\"https:\/\/business.innovagoods.com\/es\/privacidad\/#breadcrumb\",\"itemListElement\":[{\"@type\":\"ListItem\",\"position\":1,\"name\":\"Home\",\"item\":\"https:\/\/business.innovagoods.com\/es\/\"},{\"@type\":\"ListItem\",\"position\":2,\"name\":\"Pol\u00edtica de privacidad\"}]},{\"@type\":\"WebSite\",\"@id\":\"https:\/\/business.innovagoods.com\/es\/#website\",\"url\":\"https:\/\/business.innovagoods.com\/es\/\",\"name\":\"InnovaGoods \u00ae\",\"description\":\"Marca l\u00edder en Europa en productos innovadores y de tendencia\",\"publisher\":{\"@id\":\"https:\/\/business.innovagoods.com\/es\/#organization\"},\"potentialAction\":[{\"@type\":\"SearchAction\",\"target\":{\"@type\":\"EntryPoint\",\"urlTemplate\":\"https:\/\/business.innovagoods.com\/es\/?s={search_term_string}\"},\"query-input\":\"required name=search_term_string\"}],\"inLanguage\":\"es\"},{\"@type\":\"Organization\",\"@id\":\"https:\/\/business.innovagoods.com\/es\/#organization\",\"name\":\"InnovaGoods \u00ae\",\"url\":\"https:\/\/business.innovagoods.com\/es\/\",\"logo\":{\"@type\":\"ImageObject\",\"inLanguage\":\"es\",\"@id\":\"https:\/\/business.innovagoods.com\/es\/#\/schema\/logo\/image\/\",\"url\":\"https:\/\/business.innovagoods.com\/wp-content\/uploads\/2023\/02\/logo-innovagoods.svg\",\"contentUrl\":\"https:\/\/business.innovagoods.com\/wp-content\/uploads\/2023\/02\/logo-innovagoods.svg\",\"width\":250,\"height\":30,\"caption\":\"InnovaGoods \u00ae\"},\"image\":{\"@id\":\"https:\/\/business.innovagoods.com\/es\/#\/schema\/logo\/image\/\"},\"sameAs\":[\"https:\/\/www.facebook.com\/InnovaGoods.Official\",\"https:\/\/twitter.com\/Innovaofficial\",\"https:\/\/www.instagram.com\/innovagoods_official\/\"]}]}<\/script>\n<!-- \/ Yoast SEO plugin. -->","yoast_head_json":{"title":"Pol\u00edtica de privacidad - InnovaGoods \u00ae","robots":{"index":"index","follow":"follow","max-snippet":"max-snippet:-1","max-image-preview":"max-image-preview:large","max-video-preview":"max-video-preview:-1"},"canonical":"https:\/\/business.innovagoods.com\/es\/privacidad\/","og_locale":"es_ES","og_type":"article","og_title":"Pol\u00edtica de privacidad - InnovaGoods \u00ae","og_description":"Informaci\u00f3n corporativa A trav\u00e9s de esta Pol\u00edtica de Privacidad, regulamos la recogida y tratamiento de los datos de car\u00e1cter personales que nos facilites como consecuencia del acceso, navegaci\u00f3n, registro y uso del sitio web accesible a trav\u00e9s de la URL business.innovagoods.com (en adelante, el Sitio Web o InnovaGoods) En cumplimiento de la Ley 34\/2002, de [&hellip;]","og_url":"https:\/\/business.innovagoods.com\/es\/privacidad\/","og_site_name":"InnovaGoods \u00ae","article_publisher":"https:\/\/www.facebook.com\/InnovaGoods.Official","article_modified_time":"2023-01-20T08:20:40+00:00","twitter_card":"summary_large_image","twitter_site":"@Innovaofficial","twitter_misc":{"Est. reading time":"5 minutos"},"schema":{"@context":"https:\/\/schema.org","@graph":[{"@type":"WebPage","@id":"https:\/\/business.innovagoods.com\/es\/privacidad\/","url":"https:\/\/business.innovagoods.com\/es\/privacidad\/","name":"Pol\u00edtica de privacidad - InnovaGoods \u00ae","isPartOf":{"@id":"https:\/\/business.innovagoods.com\/es\/#website"},"datePublished":"2022-11-30T13:00:15+00:00","dateModified":"2023-01-20T08:20:40+00:00","breadcrumb":{"@id":"https:\/\/business.innovagoods.com\/es\/privacidad\/#breadcrumb"},"inLanguage":"es","potentialAction":[{"@type":"ReadAction","target":["https:\/\/business.innovagoods.com\/es\/privacidad\/"]}]},{"@type":"BreadcrumbList","@id":"https:\/\/business.innovagoods.com\/es\/privacidad\/#breadcrumb","itemListElement":[{"@type":"ListItem","position":1,"name":"Home","item":"https:\/\/business.innovagoods.com\/es\/"},{"@type":"ListItem","position":2,"name":"Pol\u00edtica de privacidad"}]},{"@type":"WebSite","@id":"https:\/\/business.innovagoods.com\/es\/#website","url":"https:\/\/business.innovagoods.com\/es\/","name":"InnovaGoods \u00ae","description":"Marca l\u00edder en Europa en productos innovadores y de tendencia","publisher":{"@id":"https:\/\/business.innovagoods.com\/es\/#organization"},"potentialAction":[{"@type":"SearchAction","target":{"@type":"EntryPoint","urlTemplate":"https:\/\/business.innovagoods.com\/es\/?s={search_term_string}"},"query-input":"required name=search_term_string"}],"inLanguage":"es"},{"@type":"Organization","@id":"https:\/\/business.innovagoods.com\/es\/#organization","name":"InnovaGoods \u00ae","url":"https:\/\/business.innovagoods.com\/es\/","logo":{"@type":"ImageObject","inLanguage":"es","@id":"https:\/\/business.innovagoods.com\/es\/#\/schema\/logo\/image\/","url":"https:\/\/business.innovagoods.com\/wp-content\/uploads\/2023\/02\/logo-innovagoods.svg","contentUrl":"https:\/\/business.innovagoods.com\/wp-content\/uploads\/2023\/02\/logo-innovagoods.svg","width":250,"height":30,"caption":"InnovaGoods \u00ae"},"image":{"@id":"https:\/\/business.innovagoods.com\/es\/#\/schema\/logo\/image\/"},"sameAs":["https:\/\/www.facebook.com\/InnovaGoods.Official","https:\/\/twitter.com\/Innovaofficial","https:\/\/www.instagram.com\/innovagoods_official\/"]}]}},"acf":[],"_links":{"self":[{"href":"https:\/\/business.innovagoods.com\/es\/wp-json\/wp\/v2\/pages\/3"}],"collection":[{"href":"https:\/\/business.innovagoods.com\/es\/wp-json\/wp\/v2\/pages"}],"about":[{"href":"https:\/\/business.innovagoods.com\/es\/wp-json\/wp\/v2\/types\/page"}],"author":[{"embeddable":true,"href":"https:\/\/business.innovagoods.com\/es\/wp-json\/wp\/v2\/users\/8"}],"replies":[{"embeddable":true,"href":"https:\/\/business.innovagoods.com\/es\/wp-json\/wp\/v2\/comments?post=3"}],"version-history":[{"count":3,"href":"https:\/\/business.innovagoods.com\/es\/wp-json\/wp\/v2\/pages\/3\/revisions"}],"predecessor-version":[{"id":290,"href":"https:\/\/business.innovagoods.com\/es\/wp-json\/wp\/v2\/pages\/3\/revisions\/290"}],"wp:attachment":[{"href":"https:\/\/business.innovagoods.com\/es\/wp-json\/wp\/v2\/media?parent=3"}],"curies":[{"name":"wp","href":"https:\/\/api.w.org\/{rel}","templated":true}]}}