{"id":280,"date":"2023-01-19T14:05:21","date_gmt":"2023-01-19T14:05:21","guid":{"rendered":"https:\/\/business.innovagoods.com\/?page_id=280"},"modified":"2023-01-20T10:06:34","modified_gmt":"2023-01-20T10:06:34","slug":"aviso-legal","status":"publish","type":"page","link":"https:\/\/business.innovagoods.com\/es\/aviso-legal\/","title":{"rendered":"Aviso legal"},"content":{"rendered":"\n<p>El presente Aviso Legal regula el acceso, navegaci\u00f3n y uso del sitio web https:\/\/business.innovagoods.com (en adelante el Sitio Web).<br>Las condiciones que se establecen en este Aviso Legal son de aplicaci\u00f3n supletoria en el caso de que la empresa estableciera condiciones particulares para el uso y\/o contrataci\u00f3n de servicios espec\u00edficos.<br><strong>DERECHO DE INFORMACI\u00d3N<\/strong><br>En cumplimiento con el deber de informaci\u00f3n recogido en art\u00edculo 10 de la Ley 34\/2002, de 11 de Julio, de Servicios de la Sociedad de la Informaci\u00f3n y del Comercio Electr\u00f3nico, le informamos que el Sitio Web es titularidad de la sociedad InnovaGoods (Nine New Investments SL), sociedad mercantil constituida de acuerdo con la legislaci\u00f3n espa\u00f1ola, con CIF B98019235 y domicilio social en C\/ Enguera 7, 46018 Valencia.<br>Usted puede ponerse en contacto con nosotros a trav\u00e9s de la siguiente direcci\u00f3n de correo electr\u00f3nico info@innovagoods.com.<br><strong>USUARIOS<\/strong><br>El acceso y\/o uso al Sitio Web le atribuye la condici\u00f3n de Usuario, y acepta, desde dicho acceso y\/o uso, el presente Aviso Legal.<br><strong>USO DEL SITIO WEB<\/strong><br>El Sitio Web puede proporcionar acceso a multitud de textos, gr\u00e1ficos, dibujos, dise\u00f1os, c\u00f3digos, software, fotograf\u00edas, m\u00fasica, v\u00eddeos, sonidos, bases de datos, im\u00e1genes, expresiones e informaciones (en adelante, \u201cContenidos\u201d) pertenecientes a la empresa o a terceros a los que el Usuario puede tener acceso.<br>El Usuario asume la responsabilidad del uso del Sitio Web. Dicha responsabilidad se extiende al registro que, en su caso, sea necesario para acceder a Contenidos o servicios que preste el Sitio Web.<br>El Usuario se compromete a hacer un uso adecuado de los Contenidos y servicios ofrecidos a trav\u00e9s del Sitio Web y con car\u00e1cter enunciativo pero no limitativo, a no emplearlos para (i) incurrir en actividades il\u00edcitas, ilegales o contrarias a la buena fe y al orden p\u00fablico; (ii) provocar da\u00f1os en los sistemas f\u00edsicos y l\u00f3gicos del titular del Sitio Web, de sus proveedores o de terceras personas, (iii) introducir o difundir en la red virus inform\u00e1ticos o cualesquiera otros sistemas f\u00edsicos o l\u00f3gicos que sean susceptibles de provocar los da\u00f1os anteriormente mencionados.<br><strong>PROPIEDAD INTELECTUAL<\/strong><br>Los contenidos de este sitio web, incluyendo, entre otros, im\u00e1genes, logotipos, gr\u00e1ficos, animaciones y textos, cualesquiera que sea su formato, as\u00cc como el nombre de dominio business.innovagoods.com son propiedad del Titular. En el caso de las marcas en venta en la tienda online, el Titular ha obtenido la autorizaci\u00f3n de sus leg\u00edtimos propietarios para su uso. Dichos contenidos est\u00e1n protegidos por las leyes y tratados internacionales en materia de propiedad intelectual e industrial, as\u00cc como por la normativa reguladora de los nombres de dominio.<br>Se permite el uso de enlaces a esta web siempre que no supongan un perjuicio para la imagen e intereses del titular y en todos los formatos o soportes.<br><strong>RESPONSABILIDAD Y GARANT\u00cdAS<\/strong><br>Los enlaces que aparecen en este sitio web se facilitan con la finalidad de ampliar la informaci\u00f3n. Su inclusi\u00f3n no implica la aceptaci\u00f3n de dichos contenidos, ni la asociaci\u00f3n del Titular con los responsables de dichos sitios web, por lo que rechaza toda responsabilidad en relaci\u00f3n con los mismos, as\u00cc como por los da\u00f1os que pudieran causarse por cualquier motivo en su sistema inform\u00e1tico, documentos o ficheros.<br>El Titular no garantiza la fiabilidad, disponibilidad o continuidad de este sitio web ni de sus contenidos por motivos t\u00e9cnicos, de seguridad, control o mantenimiento del servicio, por fallos debidos al servidor que aloja los contenidos o de otros intermediarios o proveedores, por ataques contra el sistema inform\u00e1tico, ni por cualesquiera otros motivos que se deriven de causas que escapen a su control, por lo que se exime de cualquier responsabilidad, directa o indirecta, por los mismos.<br><strong>DURACI\u00d3N Y MODIFICACI\u00d3N<\/strong><br>Las condiciones del presente Aviso Legal estar\u00e1n vigentes hasta que sean modificadas, pudiendo InnovaGoods efectuar estos cambios que ser\u00e1n comunicados al Usuario.<br>InnovaGoods podr\u00e1 suprimir, a\u00f1adir o cambiar tanto los contenidos como los servicios que presta, as\u00ed como tambi\u00e9n la forma en la que los mismos aparezcan localizados o presentados. Se entienden como vigentes, las condiciones que est\u00e9n publicadas en el momento en el que el usuario acceda al sitio Web de InnovaGoods.<br>El acceso y\/o el uso del sitio Web se entender\u00e1n como una aceptaci\u00f3n por parte del usuario de las condiciones del presente Aviso Legal y, en su caso, los cambios efectuados en las mismas.<br><strong>COOKIES<\/strong><br>Para la utilizaci\u00f3n de nuestro sitio web es necesario la utilizaci\u00f3n de cookies. Si usted lo desea puede configurar su navegador para ser avisado en pantalla de la recepci\u00f3n de cookies y para impedir la instalaci\u00f3n de cookies en su disco duro. Por favor, consulte las instrucciones y manuales de su navegador para ampliar esta informaci\u00f3n.<\/p>\n\n\n\n<p><a href=\"https:\/\/business.innovagoods.com\/cookies\/\">M\u00c1S INFORMACI\u00d3N SOBRE EL USO DE COOKIES<\/a><\/p>\n","protected":false},"excerpt":{"rendered":"<p>El presente Aviso Legal regula el acceso, navegaci\u00f3n y uso del sitio web https:\/\/business.innovagoods.com (en adelante el Sitio Web).Las condiciones que se establecen en este Aviso Legal son de aplicaci\u00f3n supletoria en el caso de que la empresa estableciera condiciones particulares para el uso y\/o contrataci\u00f3n de servicios espec\u00edficos.DERECHO DE INFORMACI\u00d3NEn cumplimiento con el deber [&hellip;]<\/p>\n","protected":false},"author":8,"featured_media":0,"parent":0,"menu_order":99,"comment_status":"closed","ping_status":"closed","template":"","meta":{"footnotes":""},"yoast_head":"<!-- This site is optimized with the Yoast SEO plugin v21.9 - https:\/\/yoast.com\/wordpress\/plugins\/seo\/ -->\n<title>Aviso legal - InnovaGoods \u00ae<\/title>\n<meta name=\"robots\" content=\"index, follow, max-snippet:-1, max-image-preview:large, max-video-preview:-1\" \/>\n<link rel=\"canonical\" href=\"https:\/\/business.innovagoods.com\/es\/aviso-legal\/\" \/>\n<meta property=\"og:locale\" content=\"es_ES\" \/>\n<meta property=\"og:type\" content=\"article\" \/>\n<meta property=\"og:title\" content=\"Aviso legal - InnovaGoods \u00ae\" \/>\n<meta property=\"og:description\" content=\"El presente Aviso Legal regula el acceso, navegaci\u00f3n y uso del sitio web https:\/\/business.innovagoods.com (en adelante el Sitio Web).Las condiciones que se establecen en este Aviso Legal son de aplicaci\u00f3n supletoria en el caso de que la empresa estableciera condiciones particulares para el uso y\/o contrataci\u00f3n de servicios espec\u00edficos.DERECHO DE INFORMACI\u00d3NEn cumplimiento con el deber [&hellip;]\" \/>\n<meta property=\"og:url\" content=\"https:\/\/business.innovagoods.com\/es\/aviso-legal\/\" \/>\n<meta property=\"og:site_name\" content=\"InnovaGoods \u00ae\" \/>\n<meta property=\"article:publisher\" content=\"https:\/\/www.facebook.com\/InnovaGoods.Official\" \/>\n<meta property=\"article:modified_time\" content=\"2023-01-20T10:06:34+00:00\" \/>\n<meta name=\"twitter:card\" content=\"summary_large_image\" \/>\n<meta name=\"twitter:site\" content=\"@Innovaofficial\" \/>\n<meta name=\"twitter:label1\" content=\"Est. reading time\" \/>\n\t<meta name=\"twitter:data1\" content=\"4 minutos\" \/>\n<script type=\"application\/ld+json\" class=\"yoast-schema-graph\">{\"@context\":\"https:\/\/schema.org\",\"@graph\":[{\"@type\":\"WebPage\",\"@id\":\"https:\/\/business.innovagoods.com\/es\/aviso-legal\/\",\"url\":\"https:\/\/business.innovagoods.com\/es\/aviso-legal\/\",\"name\":\"Aviso legal - InnovaGoods \u00ae\",\"isPartOf\":{\"@id\":\"https:\/\/business.innovagoods.com\/es\/#website\"},\"datePublished\":\"2023-01-19T14:05:21+00:00\",\"dateModified\":\"2023-01-20T10:06:34+00:00\",\"breadcrumb\":{\"@id\":\"https:\/\/business.innovagoods.com\/es\/aviso-legal\/#breadcrumb\"},\"inLanguage\":\"es\",\"potentialAction\":[{\"@type\":\"ReadAction\",\"target\":[\"https:\/\/business.innovagoods.com\/es\/aviso-legal\/\"]}]},{\"@type\":\"BreadcrumbList\",\"@id\":\"https:\/\/business.innovagoods.com\/es\/aviso-legal\/#breadcrumb\",\"itemListElement\":[{\"@type\":\"ListItem\",\"position\":1,\"name\":\"Home\",\"item\":\"https:\/\/business.innovagoods.com\/es\/\"},{\"@type\":\"ListItem\",\"position\":2,\"name\":\"Aviso legal\"}]},{\"@type\":\"WebSite\",\"@id\":\"https:\/\/business.innovagoods.com\/es\/#website\",\"url\":\"https:\/\/business.innovagoods.com\/es\/\",\"name\":\"InnovaGoods \u00ae\",\"description\":\"Marca l\u00edder en Europa en productos innovadores y de tendencia\",\"publisher\":{\"@id\":\"https:\/\/business.innovagoods.com\/es\/#organization\"},\"potentialAction\":[{\"@type\":\"SearchAction\",\"target\":{\"@type\":\"EntryPoint\",\"urlTemplate\":\"https:\/\/business.innovagoods.com\/es\/?s={search_term_string}\"},\"query-input\":\"required name=search_term_string\"}],\"inLanguage\":\"es\"},{\"@type\":\"Organization\",\"@id\":\"https:\/\/business.innovagoods.com\/es\/#organization\",\"name\":\"InnovaGoods \u00ae\",\"url\":\"https:\/\/business.innovagoods.com\/es\/\",\"logo\":{\"@type\":\"ImageObject\",\"inLanguage\":\"es\",\"@id\":\"https:\/\/business.innovagoods.com\/es\/#\/schema\/logo\/image\/\",\"url\":\"https:\/\/business.innovagoods.com\/wp-content\/uploads\/2023\/02\/logo-innovagoods.svg\",\"contentUrl\":\"https:\/\/business.innovagoods.com\/wp-content\/uploads\/2023\/02\/logo-innovagoods.svg\",\"width\":250,\"height\":30,\"caption\":\"InnovaGoods \u00ae\"},\"image\":{\"@id\":\"https:\/\/business.innovagoods.com\/es\/#\/schema\/logo\/image\/\"},\"sameAs\":[\"https:\/\/www.facebook.com\/InnovaGoods.Official\",\"https:\/\/twitter.com\/Innovaofficial\",\"https:\/\/www.instagram.com\/innovagoods_official\/\"]}]}<\/script>\n<!-- \/ Yoast SEO plugin. -->","yoast_head_json":{"title":"Aviso legal - InnovaGoods \u00ae","robots":{"index":"index","follow":"follow","max-snippet":"max-snippet:-1","max-image-preview":"max-image-preview:large","max-video-preview":"max-video-preview:-1"},"canonical":"https:\/\/business.innovagoods.com\/es\/aviso-legal\/","og_locale":"es_ES","og_type":"article","og_title":"Aviso legal - InnovaGoods \u00ae","og_description":"El presente Aviso Legal regula el acceso, navegaci\u00f3n y uso del sitio web https:\/\/business.innovagoods.com (en adelante el Sitio Web).Las condiciones que se establecen en este Aviso Legal son de aplicaci\u00f3n supletoria en el caso de que la empresa estableciera condiciones particulares para el uso y\/o contrataci\u00f3n de servicios espec\u00edficos.DERECHO DE INFORMACI\u00d3NEn cumplimiento con el deber [&hellip;]","og_url":"https:\/\/business.innovagoods.com\/es\/aviso-legal\/","og_site_name":"InnovaGoods \u00ae","article_publisher":"https:\/\/www.facebook.com\/InnovaGoods.Official","article_modified_time":"2023-01-20T10:06:34+00:00","twitter_card":"summary_large_image","twitter_site":"@Innovaofficial","twitter_misc":{"Est. reading time":"4 minutos"},"schema":{"@context":"https:\/\/schema.org","@graph":[{"@type":"WebPage","@id":"https:\/\/business.innovagoods.com\/es\/aviso-legal\/","url":"https:\/\/business.innovagoods.com\/es\/aviso-legal\/","name":"Aviso legal - InnovaGoods \u00ae","isPartOf":{"@id":"https:\/\/business.innovagoods.com\/es\/#website"},"datePublished":"2023-01-19T14:05:21+00:00","dateModified":"2023-01-20T10:06:34+00:00","breadcrumb":{"@id":"https:\/\/business.innovagoods.com\/es\/aviso-legal\/#breadcrumb"},"inLanguage":"es","potentialAction":[{"@type":"ReadAction","target":["https:\/\/business.innovagoods.com\/es\/aviso-legal\/"]}]},{"@type":"BreadcrumbList","@id":"https:\/\/business.innovagoods.com\/es\/aviso-legal\/#breadcrumb","itemListElement":[{"@type":"ListItem","position":1,"name":"Home","item":"https:\/\/business.innovagoods.com\/es\/"},{"@type":"ListItem","position":2,"name":"Aviso legal"}]},{"@type":"WebSite","@id":"https:\/\/business.innovagoods.com\/es\/#website","url":"https:\/\/business.innovagoods.com\/es\/","name":"InnovaGoods \u00ae","description":"Marca l\u00edder en Europa en productos innovadores y de tendencia","publisher":{"@id":"https:\/\/business.innovagoods.com\/es\/#organization"},"potentialAction":[{"@type":"SearchAction","target":{"@type":"EntryPoint","urlTemplate":"https:\/\/business.innovagoods.com\/es\/?s={search_term_string}"},"query-input":"required name=search_term_string"}],"inLanguage":"es"},{"@type":"Organization","@id":"https:\/\/business.innovagoods.com\/es\/#organization","name":"InnovaGoods \u00ae","url":"https:\/\/business.innovagoods.com\/es\/","logo":{"@type":"ImageObject","inLanguage":"es","@id":"https:\/\/business.innovagoods.com\/es\/#\/schema\/logo\/image\/","url":"https:\/\/business.innovagoods.com\/wp-content\/uploads\/2023\/02\/logo-innovagoods.svg","contentUrl":"https:\/\/business.innovagoods.com\/wp-content\/uploads\/2023\/02\/logo-innovagoods.svg","width":250,"height":30,"caption":"InnovaGoods \u00ae"},"image":{"@id":"https:\/\/business.innovagoods.com\/es\/#\/schema\/logo\/image\/"},"sameAs":["https:\/\/www.facebook.com\/InnovaGoods.Official","https:\/\/twitter.com\/Innovaofficial","https:\/\/www.instagram.com\/innovagoods_official\/"]}]}},"acf":[],"_links":{"self":[{"href":"https:\/\/business.innovagoods.com\/es\/wp-json\/wp\/v2\/pages\/280"}],"collection":[{"href":"https:\/\/business.innovagoods.com\/es\/wp-json\/wp\/v2\/pages"}],"about":[{"href":"https:\/\/business.innovagoods.com\/es\/wp-json\/wp\/v2\/types\/page"}],"author":[{"embeddable":true,"href":"https:\/\/business.innovagoods.com\/es\/wp-json\/wp\/v2\/users\/8"}],"replies":[{"embeddable":true,"href":"https:\/\/business.innovagoods.com\/es\/wp-json\/wp\/v2\/comments?post=280"}],"version-history":[{"count":4,"href":"https:\/\/business.innovagoods.com\/es\/wp-json\/wp\/v2\/pages\/280\/revisions"}],"predecessor-version":[{"id":314,"href":"https:\/\/business.innovagoods.com\/es\/wp-json\/wp\/v2\/pages\/280\/revisions\/314"}],"wp:attachment":[{"href":"https:\/\/business.innovagoods.com\/es\/wp-json\/wp\/v2\/media?parent=280"}],"curies":[{"name":"wp","href":"https:\/\/api.w.org\/{rel}","templated":true}]}}