{"id":273,"date":"2023-01-19T07:46:11","date_gmt":"2023-01-19T07:46:11","guid":{"rendered":"https:\/\/business.innovagoods.com\/?page_id=273"},"modified":"2023-01-19T13:18:34","modified_gmt":"2023-01-19T13:18:34","slug":"cookies","status":"publish","type":"page","link":"https:\/\/business.innovagoods.com\/es\/cookies\/","title":{"rendered":"Cookies"},"content":{"rendered":"\n<p>Nuestro sitio web utiliza cookies para mejorar la navegaci\u00f3n y obtener datos estad\u00edsticos sobre las visitas obtenidas.<\/p>\n\n\n\n<h4 class=\"wp-block-heading\"><strong>\u00bfQu\u00e9 son las cookies?<\/strong><\/h4>\n\n\n\n<p>Las cookies son peque\u00f1os archivos de texto que se instalan en el equipo desde el cual se visita nuestro sitio web y que nos proporcionan informaci\u00f3n de forma autom\u00e1tica. Las cookies en ning\u00fan caso se pueden considerar como un virus inform\u00e1ticos. No da\u00f1an el ordenador ni ralentizan su funcionamiento en modo alguno. Usted puede eliminar nuestras Cookies en cualquier momento, o rechazarlas configurando su navegador web.<\/p>\n\n\n\n<p>Las cookies se asocian \u00fanicamente con el navegador de un ordenador determinado (un usuario an\u00f3nimo), y no proporcionan por s\u00ed el nombre y apellidos del usuario. Gracias a las cookies, resulta posible que reconozca los navegadores de los usuarios registrados despu\u00e9s de que \u00e9stos se hayan registrado por primera vez, sin que tengan que registrarse en cada visita para acceder a las \u00e1reas y servicios reservados exclusivamente a ellos. Nuestros \u201ccookies\u201d sirven para identificar una sesi\u00f3n de usuarios (\u201ccookies de sesi\u00f3n\u201d) y \/ o un ordenador (\u201ccookies temporales\u201d), y no proporcionan por s\u00ed mismos ni el nombre del usuario ni ning\u00fan otro dato personal. Las cookies utilizadas no pueden leer los archivos cookie creados por otros proveedores. El usuario tiene la posibilidad de configurar su navegador para ser avisado en pantalla de la recepci\u00f3n de cookies y para impedir la instalaci\u00f3n de cookies en su disco duro. Por favor, consulte las instrucciones y manuales de su navegador para ampliar esta informaci\u00f3n.<\/p>\n\n\n\n<p>Utiliza dos tipos de cookies diferentes en nuestro sitio web:<\/p>\n\n\n\n<p>Cookies de anal\u00edtica web de terceras partes:<br>\u2013 Instaladas en su ordenador por el servicio Google Analytics (Google Inc.). Son cookies estad\u00edsticas, con las cuales podemos conocer datos \u00fatiles para mejorar nuestro sitio web.<br>Podr\u00e1 configurar su navegador para no recibir estas cookie y ser\u00e1n rechazadas. En caso contrario, entendemos que contamos con su consentimiento para su instalaci\u00f3n.<\/p>\n\n\n\n<p>Cookies propias, generadas por nuestro sitio web, para diferentes funciones:<br>Cookies de autenticaci\u00f3n\/sesi\u00f3n: Utilizadas para reconocer a los usuarios registrados que se han logueado en nuestro sitio web. Con estas cookies, usted podr\u00e1 acceder a las secciones de acceso restringido de la web. En caso de rechazar estas Cookies o ser borradas, las claves de acceso a nuestro sitio web, no funcionar\u00e1n de forma correcta.<br>Cookies de personalizaci\u00f3n de interfaz: Usadas para facilitar la navegaci\u00f3n de nuestro sitio web. Permiten recordar algunos aspectos gr\u00e1ficos de nuestra web autom\u00e1ticamente. En caso de rechazar estas Cookies o ser borradas, la navegaci\u00f3n en nuestro sitio web, no funcionar\u00e1n de forma tan sencilla.<br>Si tiene dudas sobre nuestra pol\u00edtica de uso de cookies, se puede poner en contacto con nosotros en el siguiente correo electr\u00f3nico: info@innovagoods.com<\/p>\n\n\n\n<h4 class=\"wp-block-heading\"><strong>C\u00f3mo eliminar las cookies<\/strong><\/h4>\n\n\n\n<p>Desde tu navegador puedes eliminar las cookies instaladas en el equipo. Las cookies se instalan para cada navegador y por tanto deber\u00e1s eliminarlas del navegador usado para entrar en nuestra p\u00e1gina web.<br>Aqu\u00ed tienes informaci\u00f3n sobre c\u00f3mo hacerlo en los principales navegadores:<br><a href=\"https:\/\/support.google.com\/chrome\/answer\/95647?hl=es\" target=\"_blank\" rel=\"noreferrer noopener\">Eliminar cookies en Chrome<\/a><br><a href=\"https:\/\/support.mozilla.org\/es\/kb\/Borrar%20cookies\" target=\"_blank\" rel=\"noreferrer noopener\">Eliminar cookies en Firefox<\/a><br><a href=\"http:\/\/windows.microsoft.com\/es-xl\/internet-explorer\/delete-manage-cookies#ie=ie-10\">Eliminar cookies en Internet Explorer<\/a><br><a href=\"http:\/\/support.apple.com\/kb\/HT1677?viewlocale=es_ES&amp;locale=es_ES\" target=\"_blank\" rel=\"noreferrer noopener\">Eliminar cookies en Safari<\/a><br><a href=\"http:\/\/help.opera.com\/Windows\/11.50\/es-ES\/cookies.html\" target=\"_blank\" rel=\"noreferrer noopener\">Eliminar cookies en Opera<\/a><\/p>\n\n\n\n<p>Para m\u00e1s informaci\u00f3n sobre el uso de Cookies puedes revisar la siguiente documentaci\u00f3n:<br><a href=\"http:\/\/www.agpd.es\/portalwebAGPD\/canaldocumentacion\/publicaciones\/common\/Guias\/Guia_Cookies.pdf\" target=\"_blank\" rel=\"noreferrer noopener\">Gu\u00eda sobre el uso de las cookies de la Agencia Espa\u00f1ola de Protecci\u00f3n de Datos.<\/a><\/p>\n","protected":false},"excerpt":{"rendered":"<p>Nuestro sitio web utiliza cookies para mejorar la navegaci\u00f3n y obtener datos estad\u00edsticos sobre las visitas obtenidas. \u00bfQu\u00e9 son las cookies? Las cookies son peque\u00f1os archivos de texto que se instalan en el equipo desde el cual se visita nuestro sitio web y que nos proporcionan informaci\u00f3n de forma autom\u00e1tica. Las cookies en ning\u00fan caso [&hellip;]<\/p>\n","protected":false},"author":8,"featured_media":0,"parent":0,"menu_order":99,"comment_status":"closed","ping_status":"closed","template":"","meta":{"footnotes":""},"yoast_head":"<!-- This site is optimized with the Yoast SEO plugin v21.9 - https:\/\/yoast.com\/wordpress\/plugins\/seo\/ -->\n<title>Cookies - InnovaGoods \u00ae<\/title>\n<meta name=\"robots\" content=\"index, follow, max-snippet:-1, max-image-preview:large, max-video-preview:-1\" \/>\n<link rel=\"canonical\" href=\"https:\/\/business.innovagoods.com\/es\/cookies\/\" \/>\n<meta property=\"og:locale\" content=\"es_ES\" \/>\n<meta property=\"og:type\" content=\"article\" \/>\n<meta property=\"og:title\" content=\"Cookies - InnovaGoods \u00ae\" \/>\n<meta property=\"og:description\" content=\"Nuestro sitio web utiliza cookies para mejorar la navegaci\u00f3n y obtener datos estad\u00edsticos sobre las visitas obtenidas. \u00bfQu\u00e9 son las cookies? Las cookies son peque\u00f1os archivos de texto que se instalan en el equipo desde el cual se visita nuestro sitio web y que nos proporcionan informaci\u00f3n de forma autom\u00e1tica. Las cookies en ning\u00fan caso [&hellip;]\" \/>\n<meta property=\"og:url\" content=\"https:\/\/business.innovagoods.com\/es\/cookies\/\" \/>\n<meta property=\"og:site_name\" content=\"InnovaGoods \u00ae\" \/>\n<meta property=\"article:publisher\" content=\"https:\/\/www.facebook.com\/InnovaGoods.Official\" \/>\n<meta property=\"article:modified_time\" content=\"2023-01-19T13:18:34+00:00\" \/>\n<meta name=\"twitter:card\" content=\"summary_large_image\" \/>\n<meta name=\"twitter:site\" content=\"@Innovaofficial\" \/>\n<meta name=\"twitter:label1\" content=\"Est. reading time\" \/>\n\t<meta name=\"twitter:data1\" content=\"3 minutos\" \/>\n<script type=\"application\/ld+json\" class=\"yoast-schema-graph\">{\"@context\":\"https:\/\/schema.org\",\"@graph\":[{\"@type\":\"WebPage\",\"@id\":\"https:\/\/business.innovagoods.com\/es\/cookies\/\",\"url\":\"https:\/\/business.innovagoods.com\/es\/cookies\/\",\"name\":\"Cookies - InnovaGoods \u00ae\",\"isPartOf\":{\"@id\":\"https:\/\/business.innovagoods.com\/es\/#website\"},\"datePublished\":\"2023-01-19T07:46:11+00:00\",\"dateModified\":\"2023-01-19T13:18:34+00:00\",\"breadcrumb\":{\"@id\":\"https:\/\/business.innovagoods.com\/es\/cookies\/#breadcrumb\"},\"inLanguage\":\"es\",\"potentialAction\":[{\"@type\":\"ReadAction\",\"target\":[\"https:\/\/business.innovagoods.com\/es\/cookies\/\"]}]},{\"@type\":\"BreadcrumbList\",\"@id\":\"https:\/\/business.innovagoods.com\/es\/cookies\/#breadcrumb\",\"itemListElement\":[{\"@type\":\"ListItem\",\"position\":1,\"name\":\"Home\",\"item\":\"https:\/\/business.innovagoods.com\/es\/\"},{\"@type\":\"ListItem\",\"position\":2,\"name\":\"Cookies\"}]},{\"@type\":\"WebSite\",\"@id\":\"https:\/\/business.innovagoods.com\/es\/#website\",\"url\":\"https:\/\/business.innovagoods.com\/es\/\",\"name\":\"InnovaGoods \u00ae\",\"description\":\"Marca l\u00edder en Europa en productos innovadores y de tendencia\",\"publisher\":{\"@id\":\"https:\/\/business.innovagoods.com\/es\/#organization\"},\"potentialAction\":[{\"@type\":\"SearchAction\",\"target\":{\"@type\":\"EntryPoint\",\"urlTemplate\":\"https:\/\/business.innovagoods.com\/es\/?s={search_term_string}\"},\"query-input\":\"required name=search_term_string\"}],\"inLanguage\":\"es\"},{\"@type\":\"Organization\",\"@id\":\"https:\/\/business.innovagoods.com\/es\/#organization\",\"name\":\"InnovaGoods \u00ae\",\"url\":\"https:\/\/business.innovagoods.com\/es\/\",\"logo\":{\"@type\":\"ImageObject\",\"inLanguage\":\"es\",\"@id\":\"https:\/\/business.innovagoods.com\/es\/#\/schema\/logo\/image\/\",\"url\":\"https:\/\/business.innovagoods.com\/wp-content\/uploads\/2023\/02\/logo-innovagoods.svg\",\"contentUrl\":\"https:\/\/business.innovagoods.com\/wp-content\/uploads\/2023\/02\/logo-innovagoods.svg\",\"width\":250,\"height\":30,\"caption\":\"InnovaGoods \u00ae\"},\"image\":{\"@id\":\"https:\/\/business.innovagoods.com\/es\/#\/schema\/logo\/image\/\"},\"sameAs\":[\"https:\/\/www.facebook.com\/InnovaGoods.Official\",\"https:\/\/twitter.com\/Innovaofficial\",\"https:\/\/www.instagram.com\/innovagoods_official\/\"]}]}<\/script>\n<!-- \/ Yoast SEO plugin. -->","yoast_head_json":{"title":"Cookies - InnovaGoods \u00ae","robots":{"index":"index","follow":"follow","max-snippet":"max-snippet:-1","max-image-preview":"max-image-preview:large","max-video-preview":"max-video-preview:-1"},"canonical":"https:\/\/business.innovagoods.com\/es\/cookies\/","og_locale":"es_ES","og_type":"article","og_title":"Cookies - InnovaGoods \u00ae","og_description":"Nuestro sitio web utiliza cookies para mejorar la navegaci\u00f3n y obtener datos estad\u00edsticos sobre las visitas obtenidas. \u00bfQu\u00e9 son las cookies? Las cookies son peque\u00f1os archivos de texto que se instalan en el equipo desde el cual se visita nuestro sitio web y que nos proporcionan informaci\u00f3n de forma autom\u00e1tica. Las cookies en ning\u00fan caso [&hellip;]","og_url":"https:\/\/business.innovagoods.com\/es\/cookies\/","og_site_name":"InnovaGoods \u00ae","article_publisher":"https:\/\/www.facebook.com\/InnovaGoods.Official","article_modified_time":"2023-01-19T13:18:34+00:00","twitter_card":"summary_large_image","twitter_site":"@Innovaofficial","twitter_misc":{"Est. reading time":"3 minutos"},"schema":{"@context":"https:\/\/schema.org","@graph":[{"@type":"WebPage","@id":"https:\/\/business.innovagoods.com\/es\/cookies\/","url":"https:\/\/business.innovagoods.com\/es\/cookies\/","name":"Cookies - InnovaGoods \u00ae","isPartOf":{"@id":"https:\/\/business.innovagoods.com\/es\/#website"},"datePublished":"2023-01-19T07:46:11+00:00","dateModified":"2023-01-19T13:18:34+00:00","breadcrumb":{"@id":"https:\/\/business.innovagoods.com\/es\/cookies\/#breadcrumb"},"inLanguage":"es","potentialAction":[{"@type":"ReadAction","target":["https:\/\/business.innovagoods.com\/es\/cookies\/"]}]},{"@type":"BreadcrumbList","@id":"https:\/\/business.innovagoods.com\/es\/cookies\/#breadcrumb","itemListElement":[{"@type":"ListItem","position":1,"name":"Home","item":"https:\/\/business.innovagoods.com\/es\/"},{"@type":"ListItem","position":2,"name":"Cookies"}]},{"@type":"WebSite","@id":"https:\/\/business.innovagoods.com\/es\/#website","url":"https:\/\/business.innovagoods.com\/es\/","name":"InnovaGoods \u00ae","description":"Marca l\u00edder en Europa en productos innovadores y de tendencia","publisher":{"@id":"https:\/\/business.innovagoods.com\/es\/#organization"},"potentialAction":[{"@type":"SearchAction","target":{"@type":"EntryPoint","urlTemplate":"https:\/\/business.innovagoods.com\/es\/?s={search_term_string}"},"query-input":"required name=search_term_string"}],"inLanguage":"es"},{"@type":"Organization","@id":"https:\/\/business.innovagoods.com\/es\/#organization","name":"InnovaGoods \u00ae","url":"https:\/\/business.innovagoods.com\/es\/","logo":{"@type":"ImageObject","inLanguage":"es","@id":"https:\/\/business.innovagoods.com\/es\/#\/schema\/logo\/image\/","url":"https:\/\/business.innovagoods.com\/wp-content\/uploads\/2023\/02\/logo-innovagoods.svg","contentUrl":"https:\/\/business.innovagoods.com\/wp-content\/uploads\/2023\/02\/logo-innovagoods.svg","width":250,"height":30,"caption":"InnovaGoods \u00ae"},"image":{"@id":"https:\/\/business.innovagoods.com\/es\/#\/schema\/logo\/image\/"},"sameAs":["https:\/\/www.facebook.com\/InnovaGoods.Official","https:\/\/twitter.com\/Innovaofficial","https:\/\/www.instagram.com\/innovagoods_official\/"]}]}},"acf":[],"_links":{"self":[{"href":"https:\/\/business.innovagoods.com\/es\/wp-json\/wp\/v2\/pages\/273"}],"collection":[{"href":"https:\/\/business.innovagoods.com\/es\/wp-json\/wp\/v2\/pages"}],"about":[{"href":"https:\/\/business.innovagoods.com\/es\/wp-json\/wp\/v2\/types\/page"}],"author":[{"embeddable":true,"href":"https:\/\/business.innovagoods.com\/es\/wp-json\/wp\/v2\/users\/8"}],"replies":[{"embeddable":true,"href":"https:\/\/business.innovagoods.com\/es\/wp-json\/wp\/v2\/comments?post=273"}],"version-history":[{"count":3,"href":"https:\/\/business.innovagoods.com\/es\/wp-json\/wp\/v2\/pages\/273\/revisions"}],"predecessor-version":[{"id":276,"href":"https:\/\/business.innovagoods.com\/es\/wp-json\/wp\/v2\/pages\/273\/revisions\/276"}],"wp:attachment":[{"href":"https:\/\/business.innovagoods.com\/es\/wp-json\/wp\/v2\/media?parent=273"}],"curies":[{"name":"wp","href":"https:\/\/api.w.org\/{rel}","templated":true}]}}